{"id":363,"date":"2024-05-27T20:23:40","date_gmt":"2024-05-28T00:23:40","guid":{"rendered":"https:\/\/emeriorodriguez.com\/?page_id=363"},"modified":"2024-11-12T00:20:56","modified_gmt":"2024-11-12T04:20:56","slug":"asesoria","status":"publish","type":"page","link":"https:\/\/emeriorodriguez.com\/en\/asesoria\/","title":{"rendered":"Consulting"},"content":{"rendered":"<p>[et_pb_section fb_built=\u00bb1&#8243; _builder_version=\u00bb4.25.1&#8243; _module_preset=\u00bbdefault\u00bb background_color=\u00bb#F7F7F7&#8243; global_colors_info=\u00bb{}\u00bb][et_pb_row _builder_version=\u00bb4.25.1&#8243; _module_preset=\u00bbdefault\u00bb background_color=\u00bb#BABDBF\u00bb background_enable_image=\u00bboff\u00bb background_blend=\u00bboverlay\u00bb width=\u00bb100%\u00bb custom_margin=\u00bb-72px|auto|-72px|auto|true|false\u00bb custom_padding=\u00bb||||true|false\u00bb global_colors_info=\u00bb{}\u00bb][et_pb_column type=\u00bb4_4&#8243; _builder_version=\u00bb4.25.1&#8243; _module_preset=\u00bbdefault\u00bb custom_padding=\u00bb55px||55px||true|false\u00bb global_colors_info=\u00bb{}\u00bb][et_pb_text _builder_version=\u00bb4.25.1&#8243; _module_preset=\u00bbdefault\u00bb text_text_color=\u00bb#FFFFFF\u00bb header_text_color=\u00bb#FFFFFF\u00bb header_2_text_align=\u00bbcenter\u00bb header_2_font_size=\u00bb52px\u00bb custom_margin=\u00bb||0px||false|false\u00bb custom_padding=\u00bb0px||0px||true|false\u00bb global_colors_info=\u00bb{}\u00bb]<\/p>\n<h2 style=\"text-align: center;\"><span style=\"color: #000000;\">Agenda una Cita de Asesor\u00eda<\/span><\/h2>\n<p>[\/et_pb_text][\/et_pb_column][\/et_pb_row][et_pb_row _builder_version=\u00bb4.24.3&#8243; _module_preset=\u00bbdefault\u00bb width=\u00bb67.5%\u00bb custom_margin=\u00bb94px|auto||auto||\u00bb global_colors_info=\u00bb{}\u00bb][et_pb_column type=\u00bb4_4&#8243; _builder_version=\u00bb4.24.3&#8243; _module_preset=\u00bbdefault\u00bb global_colors_info=\u00bb{}\u00bb][et_pb_text _builder_version=\u00bb4.27.3&#8243; _module_preset=\u00bbdefault\u00bb hover_enabled=\u00bb0&#8243; sticky_enabled=\u00bb0&#8243;]<\/p>\n<h2 role=\"heading\" aria-level=\"2\" data-ux=\"SectionHeading\" data-aid=\"APPOINTMENTS_TITLE\" data-typography=\"HeadingBeta\" data-font-scaled=\"true\" class=\"x-el x-el-h2 c2-26 c2-t c2-a c2-b c2-27 c2-28 c2-29 c2-2a c2-2b c2-2c c2-3 c2-2d c2-21 c2-y c2-2e c2-2f c2-2g c2-2h c2-2i\"><span data-ux=\"Element\" class=\"\">Tiene preguntas? Haga una cita para una asesor\u00eda<\/span><\/h2>\n<p>[\/et_pb_text][et_pb_text _builder_version=\u00bb4.27.3&#8243; _module_preset=\u00bbdefault\u00bb hover_enabled=\u00bb0&#8243; sticky_enabled=\u00bb0&#8243;]<\/p>\n<p><span>Asesor\u00eda individual orientada en responder las preguntas de los due\u00f1os de negocios y emprendedores cuando inician sus operaciones comerciales.\u00a0<\/span><\/p>\n<p>[\/et_pb_text][\/et_pb_column][\/et_pb_row][et_pb_row _builder_version=\u00bb4.24.3&#8243; _module_preset=\u00bbdefault\u00bb width=\u00bb69.2%\u00bb custom_margin=\u00bb6px|auto||auto||\u00bb global_colors_info=\u00bb{}\u00bb custom_padding=\u00bb0px|||||\u00bb][et_pb_column type=\u00bb4_4&#8243; _builder_version=\u00bb4.24.3&#8243; _module_preset=\u00bbdefault\u00bb global_colors_info=\u00bb{}\u00bb][et_pb_tabs _builder_version=\u00bb4.27.3&#8243; _module_preset=\u00bbdefault\u00bb hover_enabled=\u00bb0&#8243; sticky_enabled=\u00bb0&#8243;][et_pb_tab title=\u00bb30 Minutos\u00bb _builder_version=\u00bb4.27.3&#8243; _module_preset=\u00bbdefault\u00bb hover_enabled=\u00bb0&#8243; sticky_enabled=\u00bb0&#8243; body_font=\u00bb|600|||||||\u00bb body_font_size=\u00bb17px\u00bb tab_font=\u00bb|600|||||||\u00bb tab_font_size=\u00bb16px\u00bb]<\/p>\n<div class=\"tidycal-embed\" data-path=\"emeriorodriguez\/30-minutos-asesoria\"><\/div>\n<p>\n<script src=\"https:\/\/asset-tidycal.b-cdn.net\/js\/embed.js\" async=\"\"><\/script>\n<\/p>\n<p>[\/et_pb_tab][et_pb_tab title=\u00bb45 Minutos\u00bb _builder_version=\u00bb4.27.3&#8243; _module_preset=\u00bbdefault\u00bb sticky_enabled=\u00bb0&#8243; body_font=\u00bb|600|||||||\u00bb body_font_size=\u00bb17px\u00bb tab_font=\u00bb|600|||||||\u00bb tab_font_size=\u00bb16px\u00bb]<\/p>\n<div class=\"tidycal-embed\" data-path=\"emeriorodriguez\/45-minutos-asesoria\"><\/div>\n<p><script src=\"https:\/\/asset-tidycal.b-cdn.net\/js\/embed.js\" async><\/script>[\/et_pb_tab][et_pb_tab title=\u00bb60 Minutos\u00bb _builder_version=\u00bb4.27.3&#8243; _module_preset=\u00bbdefault\u00bb sticky_enabled=\u00bb0&#8243; body_font=\u00bb|600|||||||\u00bb body_font_size=\u00bb17px\u00bb tab_font=\u00bb|600|||||||\u00bb tab_font_size=\u00bb16px\u00bb]<\/p>\n<div class=\"tidycal-embed\" data-path=\"emeriorodriguez\/60-minutos-asesoria\"><\/div>\n<p><script src=\"https:\/\/asset-tidycal.b-cdn.net\/js\/embed.js\" async><\/script>[\/et_pb_tab][\/et_pb_tabs][\/et_pb_column][\/et_pb_row][\/et_pb_section]<\/p>\n","protected":false},"excerpt":{"rendered":"<p>Agenda una Cita de Asesor\u00edaTiene preguntas? Haga una cita para una asesor\u00edaAsesor\u00eda individual orientada en responder las preguntas de los due\u00f1os de negocios y emprendedores cuando inician sus operaciones comerciales.\u00a0<\/p>","protected":false},"author":1,"featured_media":0,"parent":0,"menu_order":0,"comment_status":"closed","ping_status":"closed","template":"","meta":{"_et_pb_use_builder":"on","_et_pb_old_content":"","_et_gb_content_width":"","footnotes":""},"class_list":["post-363","page","type-page","status-publish","hentry"],"_links":{"self":[{"href":"https:\/\/emeriorodriguez.com\/en\/wp-json\/wp\/v2\/pages\/363","targetHints":{"allow":["GET"]}}],"collection":[{"href":"https:\/\/emeriorodriguez.com\/en\/wp-json\/wp\/v2\/pages"}],"about":[{"href":"https:\/\/emeriorodriguez.com\/en\/wp-json\/wp\/v2\/types\/page"}],"author":[{"embeddable":true,"href":"https:\/\/emeriorodriguez.com\/en\/wp-json\/wp\/v2\/users\/1"}],"replies":[{"embeddable":true,"href":"https:\/\/emeriorodriguez.com\/en\/wp-json\/wp\/v2\/comments?post=363"}],"version-history":[{"count":17,"href":"https:\/\/emeriorodriguez.com\/en\/wp-json\/wp\/v2\/pages\/363\/revisions"}],"predecessor-version":[{"id":768,"href":"https:\/\/emeriorodriguez.com\/en\/wp-json\/wp\/v2\/pages\/363\/revisions\/768"}],"wp:attachment":[{"href":"https:\/\/emeriorodriguez.com\/en\/wp-json\/wp\/v2\/media?parent=363"}],"curies":[{"name":"wp","href":"https:\/\/api.w.org\/{rel}","templated":true}]}}