{"id":44,"date":"2024-04-08T18:11:57","date_gmt":"2024-04-08T22:11:57","guid":{"rendered":"https:\/\/emeriorodriguez.com\/?page_id=44"},"modified":"2025-02-10T22:06:42","modified_gmt":"2025-02-11T02:06:42","slug":"servicios","status":"publish","type":"page","link":"https:\/\/emeriorodriguez.com\/en\/servicios\/","title":{"rendered":"Services"},"content":{"rendered":"<p>[et_pb_section fb_built=\u00bb1&#8243; admin_label=\u00bbContact\u00bb module_id=\u00bbsobre\u00bb _builder_version=\u00bb4.25.2&#8243; _module_preset=\u00bbdefault\u00bb background_color=\u00bb#EDEDED\u00bb custom_margin=\u00bb||-61px||false|false\u00bb locked=\u00bboff\u00bb collapsed=\u00bboff\u00bb global_colors_info=\u00bb{}\u00bb][et_pb_row _builder_version=\u00bb4.25.1&#8243; _module_preset=\u00bbdefault\u00bb background_color=\u00bb#BABDBF\u00bb width=\u00bb100%\u00bb custom_margin=\u00bb-72px||||false|false\u00bb custom_padding=\u00bb75px||75px||true|false\u00bb global_colors_info=\u00bb{}\u00bb][et_pb_column type=\u00bb4_4&#8243; _builder_version=\u00bb4.25.0&#8243; _module_preset=\u00bbdefault\u00bb global_colors_info=\u00bb{}\u00bb][et_pb_heading title=\u00bbServicios de Contabilidad\u00bb _builder_version=\u00bb4.25.1&#8243; _module_preset=\u00bbc33f07d9-41e0-421a-8799-5799df695cce\u00bb title_level=\u00bbh2&#8243; title_font=\u00bb&#8211;et_global_heading_font|700|||||||\u00bb title_text_align=\u00bbcenter\u00bb title_text_color=\u00bb#0e0c19&#8243; title_font_size=\u00bb52px\u00bb title_line_height=\u00bb1.2em\u00bb custom_margin=\u00bb||10px||false|false\u00bb title_font_size_tablet=\u00bb28px\u00bb title_font_size_phone=\u00bb20px\u00bb title_font_size_last_edited=\u00bbon|phone\u00bb locked=\u00bboff\u00bb global_colors_info=\u00bb{}\u00bb][\/et_pb_heading][\/et_pb_column][\/et_pb_row][et_pb_row _builder_version=\u00bb4.25.2&#8243; _module_preset=\u00bb5138c454-be54-4233-bd3b-f8e6a8747976&#8243; z_index=\u00bb2&#8243; custom_margin=\u00bb55px|auto|5px|auto||\u00bb custom_padding=\u00bb0px||0px||true|false\u00bb locked=\u00bboff\u00bb global_colors_info=\u00bb{}\u00bb][et_pb_column type=\u00bb4_4&#8243; _builder_version=\u00bb4.25.2&#8243; _module_preset=\u00bbdefault\u00bb background_color=\u00bbRGBA(255,255,255,0)\u00bb global_colors_info=\u00bb{}\u00bb][et_pb_pricing_tables featured_table_background_color=\u00bb#FFFFFF\u00bb featured_table_header_text_color=\u00bb#000000&#8243; header_background_color=\u00bb#FEB81D\u00bb featured_table_subheader_text_color=\u00bb#000000&#8243; show_bullet=\u00bboff\u00bb featured_table_bullet_color=\u00bb#EDEDED\u00bb _builder_version=\u00bb4.27.0&#8243; _module_preset=\u00bbdefault\u00bb header_text_color=\u00bb#000000&#8243; background_color=\u00bb#FFFFFF\u00bb custom_button=\u00bbon\u00bb button_text_color=\u00bb#000000&#8243; button_bg_color=\u00bb#BABDBF\u00bb button_border_width=\u00bb0px\u00bb button_border_radius=\u00bb25px\u00bb vertical_offset=\u00bb0px\u00bb z_index=\u00bb0&#8243; width=\u00bb100%\u00bb min_height=\u00bb743.5px\u00bb custom_margin=\u00bb||||false|false\u00bb custom_padding=\u00bb27px|20px|27px|20px|true|true\u00bb border_radii=\u00bbon|6px|6px|6px|6px\u00bb border_width_all=\u00bb2px\u00bb global_colors_info=\u00bb{}\u00bb][et_pb_pricing_table featured=\u00bbon\u00bb title=\u00bbAvanzada\u00bb button_url=\u00bbhttps:\/\/emeriorodriguez.com\/agenda\u00bb url_new_window=\u00bbon\u00bb button_text=\u00bbAgendar Cita\u00bb bullet_color=\u00bb#EDEDED\u00bb price_background_color=\u00bb#FFFFFF\u00bb header_background_color=\u00bb#76C5D5&#8243; _builder_version=\u00bb4.27.0&#8243; _module_preset=\u00bbdefault\u00bb price_text_color=\u00bb#000000&#8243; header_font=\u00bb&#8211;et_global_body_font|700|||||||\u00bb body_font=\u00bb|700|||||||\u00bb subheader_font=\u00bb|700|||||||\u00bb price_font=\u00bb&#8211;et_global_body_font||||||||\u00bb price_font_size=\u00bb50px\u00bb excluded_font=\u00bb|700|||||||\u00bb excluded_text_color=\u00bb#000000&#8243; background_color=\u00bb#FFFFFF\u00bb background_enable_color=\u00bbon\u00bb custom_button=\u00bbon\u00bb button_text_color=\u00bb#000000&#8243; button_bg_color=\u00bb#FEB81D\u00bb button_font=\u00bb|600|||||||\u00bb transform_scale=\u00bb97%|97%\u00bb transform_scale_linked=\u00bboff\u00bb z_index=\u00bb0&#8243; custom_padding=\u00bb||||false|false\u00bb border_color_all=\u00bb#000000&#8243; global_colors_info=\u00bb{}\u00bb button_bg_color__hover=\u00bb#BABDBF\u00bb button_bg_color__hover_enabled=\u00bbon|hover\u00bb transform_styles__hover_enabled=\u00bbon|hover\u00bb transform_scale__hover_enabled=\u00bbon|hover\u00bb transform_translate__hover_enabled=\u00bbon|desktop\u00bb transform_rotate__hover_enabled=\u00bbon|desktop\u00bb transform_skew__hover_enabled=\u00bbon|desktop\u00bb transform_origin__hover_enabled=\u00bbon|desktop\u00bb transform_scale__hover=\u00bb101%|107%\u00bb sticky_transition=\u00bbon\u00bb]<\/p>\n<p>+ Clasificar las transacciones para su Estado de Ganancias y p\u00e9rdidas, adem\u00e1s de su anexo C<br \/>+ Reconciliaci\u00f3n de las transacciones<br \/>+ Gestionar los Estados Financieros: Balance General, Estado de Ganancias y P\u00e9rdidas. Adem\u00e1s, Cuentas por Cobrar y Cuentas por Pagar<br \/>+ Asesoramiento empresarial mensual basado en las necesidades de su empresa para permitir el crecimiento y la optimizaci\u00f3n<\/p>\n<p>+ Servicio completo de gesti\u00f3n de cuentas por pagar y por cobrar. Crearemos sus facturas y haremos un seguimiento de los pagos<br \/><span style=\"text-decoration: line-through;\"><\/span><\/p>\n<p>[\/et_pb_pricing_table][et_pb_pricing_table featured=\u00bbon\u00bb title=\u00bbEsencial\u00bb button_url=\u00bbhttps:\/\/emeriorodriguez.com\/agenda\u00bb url_new_window=\u00bbon\u00bb button_text=\u00bbAgendar Cita\u00bb bullet_color=\u00bb#FEB81D\u00bb price_background_color=\u00bb#FFFFFF\u00bb header_background_color=\u00bb#76C5D5&#8243; _builder_version=\u00bb4.27.0&#8243; _module_preset=\u00bbdefault\u00bb price_text_color=\u00bb#000000&#8243; header_font=\u00bb&#8211;et_global_body_font|700|||||||\u00bb body_font=\u00bb|700|||||||\u00bb subheader_font=\u00bb|700|||||||\u00bb price_font=\u00bb&#8211;et_global_body_font||||||||\u00bb price_font_size=\u00bb50px\u00bb excluded_font=\u00bb|700|||||||\u00bb excluded_text_color=\u00bb#000000&#8243; background_color=\u00bb#FFFFFF\u00bb background_enable_color=\u00bbon\u00bb custom_button=\u00bbon\u00bb button_text_color=\u00bb#000000&#8243; button_bg_color=\u00bb#FEB81D\u00bb button_font=\u00bb|600|||||||\u00bb transform_scale=\u00bb97%|102%\u00bb transform_scale_linked=\u00bboff\u00bb custom_padding=\u00bb||||false|false\u00bb border_color_all=\u00bb#000000&#8243; global_colors_info=\u00bb{}\u00bb button_bg_color__hover_enabled=\u00bbon|hover\u00bb button_bg_color__hover=\u00bb#BABDBF\u00bb button_bg_enable_color__hover=\u00bbon\u00bb transform_styles__hover_enabled=\u00bbon|hover\u00bb transform_scale__hover_enabled=\u00bbon|hover\u00bb transform_translate__hover_enabled=\u00bbon|desktop\u00bb transform_rotate__hover_enabled=\u00bbon|desktop\u00bb transform_skew__hover_enabled=\u00bbon|desktop\u00bb transform_origin__hover_enabled=\u00bbon|desktop\u00bb transform_scale__hover=\u00bb101%|110%\u00bb sticky_transition=\u00bbon\u00bb]<\/p>\n<p>+ Clasificar las transacciones para su Estado de Ganancias y p\u00e9rdidas, adem\u00e1s de su anexo C<br \/>+ Reconciliaci\u00f3n de las transacciones<br \/>+ Gestionar los Estados Financieros: Balance General, Estado de Ganancias y P\u00e9rdidas. Adem\u00e1s, Cuentas por Cobrar y Cuentas por Pagar<br \/>+ Asesoramiento empresarial mensual basado en las necesidades de su empresa para permitir el crecimiento y la optimizaci\u00f3n<br \/><span style=\"text-decoration: line-through;\"><\/span><\/p>\n<p>[\/et_pb_pricing_table][et_pb_pricing_table featured=\u00bbon\u00bb title=\u00bbB\u00e1sica\u00bb button_url=\u00bbhttps:\/\/emeriorodriguez.com\/agenda\u00bb url_new_window=\u00bbon\u00bb button_text=\u00bbAgendar Cita\u00bb bullet_color=\u00bb#EDEDED\u00bb price_background_color=\u00bb#FFFFFF\u00bb header_background_color=\u00bb#76C5D5&#8243; _builder_version=\u00bb4.27.0&#8243; _module_preset=\u00bbdefault\u00bb price_text_color=\u00bb#000000&#8243; header_font=\u00bb&#8211;et_global_body_font|700|||||||\u00bb body_font=\u00bb|700|||||||\u00bb subheader_font=\u00bb|700|||||||\u00bb price_font=\u00bb&#8211;et_global_body_font||||||||\u00bb price_font_size=\u00bb50px\u00bb excluded_font=\u00bb|700|||||||\u00bb excluded_text_color=\u00bb#000000&#8243; background_color=\u00bb#FFFFFF\u00bb background_enable_color=\u00bbon\u00bb custom_button=\u00bbon\u00bb button_text_color=\u00bb#000000&#8243; button_bg_color=\u00bb#FEB81D\u00bb button_font=\u00bb|600|||||||\u00bb transform_scale=\u00bb97%|97%\u00bb transform_scale_linked=\u00bboff\u00bb z_index=\u00bb0&#8243; custom_padding=\u00bb||||false|false\u00bb border_color_all=\u00bb#000000&#8243; global_colors_info=\u00bb{}\u00bb button_bg_color__hover_enabled=\u00bbon|hover\u00bb button_bg_color__hover=\u00bb#BABDBF\u00bb button_bg_enable_color__hover=\u00bbon\u00bb transform_styles__hover_enabled=\u00bbon|hover\u00bb transform_scale__hover_enabled=\u00bbon|hover\u00bb transform_translate__hover_enabled=\u00bbon|desktop\u00bb transform_rotate__hover_enabled=\u00bbon|desktop\u00bb transform_skew__hover_enabled=\u00bbon|desktop\u00bb transform_origin__hover_enabled=\u00bbon|desktop\u00bb transform_scale__hover=\u00bb101%|107%\u00bb sticky_transition=\u00bbon\u00bb]<\/p>\n<p>+ Categorizaci\u00f3n de las transacciones<br \/>+ Reconciliaci\u00f3n de las transacciones<br \/>+ Emisi\u00f3n de Estado de Ganancias y P\u00e9rdidas<\/p>\n<p>&nbsp;<\/p>\n<p>[\/et_pb_pricing_table][\/et_pb_pricing_tables][\/et_pb_column][\/et_pb_row][et_pb_row _builder_version=\u00bb4.25.1&#8243; _module_preset=\u00bbdefault\u00bb background_color=\u00bb#FEB81D\u00bb width=\u00bb100%\u00bb custom_margin=\u00bb||||false|false\u00bb custom_padding=\u00bb||40px||false|false\u00bb box_shadow_style=\u00bbpreset5&#8243; box_shadow_color=\u00bbRGBA(255,255,255,0)\u00bb global_colors_info=\u00bb{}\u00bb][et_pb_column type=\u00bb4_4&#8243; _builder_version=\u00bb4.25.1&#8243; _module_preset=\u00bbdefault\u00bb custom_padding=\u00bb||||true|false\u00bb global_colors_info=\u00bb{}\u00bb][et_pb_text _builder_version=\u00bb4.25.1&#8243; _module_preset=\u00bbdefault\u00bb header_3_font_size=\u00bb26px\u00bb global_colors_info=\u00bb{}\u00bb]<\/p>\n<h3 style=\"text-align: center;\">Precios<\/h3>\n<p>[\/et_pb_text][et_pb_text _builder_version=\u00bb4.25.2&#8243; _module_preset=\u00bbdefault\u00bb background_color=\u00bb#FFFFFF\u00bb width=\u00bb60%\u00bb module_alignment=\u00bbcenter\u00bb custom_padding=\u00bb25px|25px|25px|25px|true|true\u00bb border_radii=\u00bbon|15px|15px|15px|15px\u00bb border_color_all=\u00bb#000000&#8243; border_style_all=\u00bbnone\u00bb border_width_right=\u00bb4px\u00bb border_color_right=\u00bb#000000&#8243; box_shadow_style=\u00bbpreset4&#8243; box_shadow_color=\u00bb#000000&#8243; global_colors_info=\u00bb{}\u00bb transform_styles__hover_enabled=\u00bbon|hover\u00bb transform_scale__hover_enabled=\u00bbon|hover\u00bb transform_translate__hover_enabled=\u00bbon|desktop\u00bb transform_rotate__hover_enabled=\u00bbon|desktop\u00bb transform_skew__hover_enabled=\u00bbon|desktop\u00bb transform_origin__hover_enabled=\u00bbon|desktop\u00bb transform_scale__hover=\u00bb112%|112%\u00bb]<\/p>\n<p style=\"text-align: center;\">Cada empresa es \u00fanica y tiene necesidades diferentes. Durante nuestra conversaci\u00f3n, hablaremos de los retos a los que se enfrenta, los objetivos que se ha marcado y los sistemas que le ser\u00e1n \u00fatiles. Ofrezco tarifas mensuales fijas basadas en precios de valor.<\/p>\n<p>[\/et_pb_text][\/et_pb_column][\/et_pb_row][et_pb_row column_structure=\u00bb3_4,1_4&#8243; _builder_version=\u00bb4.25.1&#8243; _module_preset=\u00bbdefault\u00bb global_colors_info=\u00bb{}\u00bb][et_pb_column type=\u00bb3_4&#8243; _builder_version=\u00bb4.25.1&#8243; _module_preset=\u00bbdefault\u00bb global_colors_info=\u00bb{}\u00bb][et_pb_text _builder_version=\u00bb4.25.1&#8243; _module_preset=\u00bbdefault\u00bb header_3_font_size=\u00bb26px\u00bb global_colors_info=\u00bb{}\u00bb]<\/p>\n<h3>Servicios QuickBooks<\/h3>\n<p>[\/et_pb_text][et_pb_text _builder_version=\u00bb4.25.1&#8243; _module_preset=\u00bbdefault\u00bb global_colors_info=\u00bb{}\u00bb]<\/p>\n<p>En Emerio Rodriguez Bookkeeping, reconocemos QuickBooks como el est\u00e1ndar de oro en software de contabilidad para peque\u00f1as y medianas empresas. QuickBooks permite un seguimiento racionalizado de las ventas y los gastos, la creaci\u00f3n de facturas, la generaci\u00f3n de n\u00f3minas y la gesti\u00f3n financiera integral, todo desde una aplicaci\u00f3n f\u00e1cil de usar.<\/p>\n<p><strong>\u00bfPor qu\u00e9 elegir QuickBooks?<\/strong><br \/>Facilidad de implantaci\u00f3n: QuickBooks puede configurarse r\u00e1pidamente para tener un impacto positivo inmediato en la rentabilidad de su empresa.<\/p>\n<p><strong>Personalizaci\u00f3n:<\/strong> Estamos certificados <strong>QuickBooks ProAdvisors<\/strong>, lo que nos permite adaptar QuickBooks para satisfacer las necesidades espec\u00edficas de su negocio, no importa donde usted se encuentra en los Estados Unidos.<\/p>\n<p><strong>Soporte integral:<\/strong> Desde la consulta inicial hasta la instalaci\u00f3n, la formaci\u00f3n y el mantenimiento continuo, proporcionamos un apoyo completo en cada paso del camino.<\/p>\n<p><strong>Eficacia y seguridad:<\/strong> QuickBooks le ahorra tiempo y mejora la calidad de su contabilidad con funciones de seguridad mejoradas. Nuestra formaci\u00f3n personalizada garantiza que usted y su personal puedan aprovechar al m\u00e1ximo las capacidades del sistema.<\/p>\n<p><strong>Caracter\u00edsticas y ventajas<\/strong><\/p>\n<ul>\n<li>Facturaci\u00f3n: Env\u00ede facturas de forma f\u00e1cil y eficaz.<\/li>\n<li>Seguimiento de gastos: Organice sus gastos para un f\u00e1cil acceso y comprensi\u00f3n.<\/li>\n<li>Seguimiento de ventas: Controle los ingresos por ventas en tiempo real.<\/li>\n<li>Gesti\u00f3n de n\u00f3minas: Gestione las n\u00f3minas de sus empleados sin problemas.<\/li>\n<li>Procesamiento de pagos: Acepte pagos en escaparates, en l\u00ednea y a trav\u00e9s de entornos m\u00f3viles.<\/li>\n<li>Informes financieros en tiempo real: Genere informes financieros siempre que lo necesite.<\/li>\n<li>Reducci\u00f3n de errores: Elimine costosos errores y retrasos, especialmente durante la preparaci\u00f3n de impuestos.<\/li>\n<li>Sincronizaci\u00f3n: Las tareas se sincronizan a trav\u00e9s de m\u00faltiples dispositivos y plataformas para una mayor eficiencia y precisi\u00f3n.<\/li>\n<\/ul>\n<p><strong>Nuestra experiencia<\/strong><\/p>\n<p>Con m\u00e1s de 20 a\u00f1os de experiencia en la prestaci\u00f3n de servicios de contabilidad empresarial, tenemos un profundo conocimiento de QuickBooks y su potencial para mejorar la eficiencia y la precisi\u00f3n. Trabajamos directamente con los clientes para mejorar sus posibilidades de \u00e9xito mediante la creaci\u00f3n e implementaci\u00f3n de sistemas personalizados de QuickBooks dise\u00f1ados espec\u00edficamente para sus necesidades de negocio.<\/p>\n<p>Mediante el uso de QuickBooks, puede transmitir informaci\u00f3n importante a nuestro equipo en tiempo real, lo que nos permite ofrecer nuestra experiencia y conocimientos de manera m\u00e1s r\u00e1pida y eficiente.<\/p>\n<p><strong>Cont\u00e1ctenos<\/strong><\/p>\n<p>Si est\u00e1 interesado en obtener m\u00e1s informaci\u00f3n sobre c\u00f3mo nuestros servicios QuickBooks pueden ayudar a su negocio a crecer, ahorrar en impuestos y construir un futuro seguro, p\u00f3ngase en contacto hoy mismo. Perm\u00edtanos mostrarle la diferencia que nuestra experiencia y conocimiento pueden hacer. <span style=\"color: #000000;\"><a href=\"https:\/\/emeriorodriguez.com\/agenda\" style=\"color: #000000;\"><strong>Haga Click y Agende su CITA hoy.<\/strong><\/a><\/span><\/p>\n<p>&nbsp;<\/p>\n<p>&nbsp;<\/p>\n<p>[\/et_pb_text][\/et_pb_column][et_pb_column type=\u00bb1_4&#8243; _builder_version=\u00bb4.25.1&#8243; _module_preset=\u00bbdefault\u00bb background_color=\u00bbRGBA(255,255,255,0)\u00bb background_enable_image=\u00bboff\u00bb background_blend=\u00bboverlay\u00bb position_origin_a=\u00bbcenter_right\u00bb custom_padding=\u00bb60px||||false|false\u00bb global_colors_info=\u00bb{}\u00bb][et_pb_image src=\u00bbhttps:\/\/emeriorodriguez.com\/wp-content\/uploads\/2025\/02\/quickbooks-online-certification-level-2.png\u00bb alt=\u00bbquickbooks-online-certification-level-1&#8243; title_text=\u00bbquickbooks-online-certification-level-2&#8243; align=\u00bbcenter\u00bb _builder_version=\u00bb4.27.4&#8243; _module_preset=\u00bbdefault\u00bb position_origin_a=\u00bbtop_center\u00bb width=\u00bb100%\u00bb global_colors_info=\u00bb{}\u00bb transform_styles__hover_enabled=\u00bbon|hover\u00bb transform_scale__hover_enabled=\u00bbon|hover\u00bb transform_translate__hover_enabled=\u00bbon|desktop\u00bb transform_rotate__hover_enabled=\u00bbon|desktop\u00bb transform_skew__hover_enabled=\u00bbon|desktop\u00bb transform_origin__hover_enabled=\u00bbon|desktop\u00bb transform_scale__hover=\u00bb116%|116%\u00bb][\/et_pb_image][et_pb_image src=\u00bbhttps:\/\/emeriorodriguez.com\/wp-content\/uploads\/2025\/02\/quickbooks-online-payroll-certification.png\u00bb alt=\u00bbquickbooks-online-certification-level-1&#8243; title_text=\u00bbquickbooks-online-payroll-certification\u00bb align=\u00bbcenter\u00bb _builder_version=\u00bb4.27.4&#8243; _module_preset=\u00bbdefault\u00bb position_origin_a=\u00bbtop_center\u00bb width=\u00bb100%\u00bb hover_enabled=\u00bb0&#8243; global_colors_info=\u00bb{}\u00bb transform_styles__hover_enabled=\u00bbon|hover\u00bb transform_scale__hover_enabled=\u00bbon|hover\u00bb transform_translate__hover_enabled=\u00bbon|desktop\u00bb transform_rotate__hover_enabled=\u00bbon|desktop\u00bb transform_skew__hover_enabled=\u00bbon|desktop\u00bb transform_origin__hover_enabled=\u00bbon|desktop\u00bb transform_scale__hover=\u00bb116%|116%\u00bb sticky_enabled=\u00bb0&#8243;][\/et_pb_image][et_pb_button button_url=\u00bbhttps:\/\/emeriorodriguez.com\/proadvisor\u00bb url_new_window=\u00bbon\u00bb button_text=\u00bbSee My Intuit Profile\u00bb button_alignment=\u00bbcenter\u00bb _builder_version=\u00bb4.25.1&#8243; _module_preset=\u00bbdefault\u00bb button_text_size=\u00bb16px\u00bb button_text_color=\u00bb#000000&#8243; button_border_radius=\u00bb25px\u00bb button_font=\u00bbNunito Sans|||||on|||\u00bb global_colors_info=\u00bb{}\u00bb button_bg_color__hover_enabled=\u00bbon|hover\u00bb button_bg_color__hover=\u00bb#BABDBF\u00bb button_bg_enable_color__hover=\u00bbon\u00bb button_border_color__hover_enabled=\u00bbon|hover\u00bb button_border_color__hover=\u00bb#BABDBF\u00bb][\/et_pb_button][et_pb_text _builder_version=\u00bb4.25.1&#8243; _module_preset=\u00bbdefault\u00bb text_font_size=\u00bb14px\u00bb text_orientation=\u00bbcenter\u00bb global_colors_info=\u00bb{}\u00bb]<\/p>\n<p><span>Intuit, QuickBooks, and QuickBooks ProAdvisor are registered trademarks of Intuit Inc. Used with permission under the QuickBooks ProAdvisor Agreement.<\/span><\/p>\n<p>[\/et_pb_text][\/et_pb_column][\/et_pb_row][\/et_pb_section]<\/p>\n","protected":false},"excerpt":{"rendered":"<p>+ Clasificar las transacciones para su Estado de Ganancias y p\u00e9rdidas, adem\u00e1s de su anexo C+ Reconciliaci\u00f3n de las transacciones+ Gestionar los Estados Financieros: Balance General, Estado de Ganancias y P\u00e9rdidas. Adem\u00e1s, Cuentas por Cobrar y Cuentas por Pagar+ Asesoramiento empresarial mensual basado en las necesidades de su empresa para permitir el crecimiento y la [&hellip;]<\/p>\n","protected":false},"author":1,"featured_media":0,"parent":0,"menu_order":0,"comment_status":"closed","ping_status":"closed","template":"","meta":{"_et_pb_use_builder":"on","_et_pb_old_content":"","_et_gb_content_width":"","footnotes":""},"class_list":["post-44","page","type-page","status-publish","hentry"],"_links":{"self":[{"href":"https:\/\/emeriorodriguez.com\/en\/wp-json\/wp\/v2\/pages\/44","targetHints":{"allow":["GET"]}}],"collection":[{"href":"https:\/\/emeriorodriguez.com\/en\/wp-json\/wp\/v2\/pages"}],"about":[{"href":"https:\/\/emeriorodriguez.com\/en\/wp-json\/wp\/v2\/types\/page"}],"author":[{"embeddable":true,"href":"https:\/\/emeriorodriguez.com\/en\/wp-json\/wp\/v2\/users\/1"}],"replies":[{"embeddable":true,"href":"https:\/\/emeriorodriguez.com\/en\/wp-json\/wp\/v2\/comments?post=44"}],"version-history":[{"count":52,"href":"https:\/\/emeriorodriguez.com\/en\/wp-json\/wp\/v2\/pages\/44\/revisions"}],"predecessor-version":[{"id":774,"href":"https:\/\/emeriorodriguez.com\/en\/wp-json\/wp\/v2\/pages\/44\/revisions\/774"}],"wp:attachment":[{"href":"https:\/\/emeriorodriguez.com\/en\/wp-json\/wp\/v2\/media?parent=44"}],"curies":[{"name":"wp","href":"https:\/\/api.w.org\/{rel}","templated":true}]}}