{"id":570,"date":"2024-06-02T15:47:55","date_gmt":"2024-06-02T19:47:55","guid":{"rendered":"https:\/\/emeriorodriguez.com\/?page_id=570"},"modified":"2024-06-03T21:47:45","modified_gmt":"2024-06-04T01:47:45","slug":"faq","status":"publish","type":"page","link":"https:\/\/emeriorodriguez.com\/en\/faq\/","title":{"rendered":"Faq"},"content":{"rendered":"\n[et_pb_section fb_built=\u00bb1&#8243; admin_label=\u00bbContact\u00bb module_id=\u00bbsobre\u00bb _builder_version=\u00bb4.25.1&#8243; _module_preset=\u00bbdefault\u00bb background_color=\u00bb#FFFFFF\u00bb custom_margin=\u00bb||-61px||false|false\u00bb hover_enabled=\u00bb0&#8243; locked=\u00bboff\u00bb collapsed=\u00bbon\u00bb global_colors_info=\u00bb{}\u00bb theme_builder_area=\u00bbpost_content\u00bb sticky_enabled=\u00bb0&#8243;][et_pb_row _builder_version=\u00bb4.25.1&#8243; _module_preset=\u00bbdefault\u00bb background_color=\u00bb#BABDBF\u00bb width=\u00bb100%\u00bb custom_margin=\u00bb-72px||||false|false\u00bb custom_padding=\u00bb75px||75px||true|false\u00bb global_colors_info=\u00bb{}\u00bb theme_builder_area=\u00bbpost_content\u00bb][et_pb_column type=\u00bb4_4&#8243; _builder_version=\u00bb4.25.0&#8243; _module_preset=\u00bbdefault\u00bb global_colors_info=\u00bb{}\u00bb theme_builder_area=\u00bbpost_content\u00bb][et_pb_heading title=\u00bbPreguntas Frecuentes\u00bb _builder_version=\u00bb4.25.1&#8243; _module_preset=\u00bbc33f07d9-41e0-421a-8799-5799df695cce\u00bb title_level=\u00bbh2&#8243; title_font=\u00bb&#8211;et_global_heading_font|700|||||||\u00bb title_text_align=\u00bbcenter\u00bb title_text_color=\u00bb#0e0c19&#8243; title_font_size=\u00bb52px\u00bb title_line_height=\u00bb1.2em\u00bb custom_margin=\u00bb||10px||false|false\u00bb title_font_size_tablet=\u00bb28px\u00bb title_font_size_phone=\u00bb20px\u00bb title_font_size_last_edited=\u00bbon|phone\u00bb locked=\u00bboff\u00bb global_colors_info=\u00bb{}\u00bb theme_builder_area=\u00bbpost_content\u00bb][\/et_pb_heading][\/et_pb_column][\/et_pb_row][et_pb_row column_structure=\u00bb1_3,1_3,1_3&#8243; _builder_version=\u00bb4.25.1&#8243; _module_preset=\u00bb5138c454-be54-4233-bd3b-f8e6a8747976&#8243; hover_enabled=\u00bb0&#8243; locked=\u00bboff\u00bb global_colors_info=\u00bb{}\u00bb theme_builder_area=\u00bbpost_content\u00bb custom_margin=\u00bb20px||||false|false\u00bb sticky_enabled=\u00bb0&#8243;][et_pb_column type=\u00bb1_3&#8243; _builder_version=\u00bb4.16&#8243; _module_preset=\u00bb73121f80-a3ef-4484-8763-c3f18e3c56d2&#8243; global_colors_info=\u00bb{}\u00bb theme_builder_area=\u00bbpost_content\u00bb][et_pb_blurb title=\u00bb\u00bfQu\u00e9 servicios de contabilidad ofrece?\u00bb use_icon=\u00bbon\u00bb font_icon=\u00bb&#x75;||divi||400&#8243; icon_color=\u00bb#000000&#8243; image_icon_background_color=\u00bb#FEB81D\u00bb icon_placement=\u00bbleft\u00bb image_icon_width=\u00bb24px\u00bb content_max_width=\u00bb100%\u00bb module_class=\u00bbai_ignore_font_icon\u00bb _builder_version=\u00bb4.25.1&#8243; _module_preset=\u00bbc4be762d-d134-408e-b49a-ae764af14c39&#8243; header_font=\u00bb&#8211;et_global_heading_font|800|||||||\u00bb header_text_color=\u00bb#0e0c19&#8243; header_font_size=\u00bb18px\u00bb header_line_height=\u00bb1.4em\u00bb body_font=\u00bb&#8211;et_global_body_font|700|||||||\u00bb body_text_color=\u00bb#3c3a47&#8243; body_font_size=\u00bb16px\u00bb body_line_height=\u00bb1.75em\u00bb body_link_text_color=\u00bb#2e5266&#8243; image_icon_custom_margin=\u00bb||||false\u00bb image_icon_custom_padding=\u00bb14px|14px|14px|14px|true|true\u00bb header_font_size_tablet=\u00bb15px\u00bb header_font_size_phone=\u00bb14px\u00bb header_font_size_last_edited=\u00bbon|phone\u00bb body_font_size_tablet=\u00bb15px\u00bb body_font_size_phone=\u00bb14px\u00bb body_font_size_last_edited=\u00bbon|desktop\u00bb border_radii_image=\u00bbon|40px|40px|40px|40px\u00bb global_colors_info=\u00bb{%22#0e0c19%22:%91%22header_text_color%22%93,%22#3c3a47%22:%91%22body_text_color%22%93,%22#6e8898%22:%91%22image_icon_background_color%22%93}\u00bb theme_builder_area=\u00bbpost_content\u00bb]<p>Ofrecemos servicios completos de contabilidad, incluyendo gesti\u00f3n de cuentas por pagar y por cobrar, conciliaci\u00f3n bancaria, preparaci\u00f3n de estados financieros, y procesamiento de n\u00f3minas, todos adaptados a las necesidades espec\u00edficas de su negocio.<\/p>[\/et_pb_blurb][\/et_pb_column][et_pb_column type=\u00bb1_3&#8243; _builder_version=\u00bb4.16&#8243; _module_preset=\u00bb73121f80-a3ef-4484-8763-c3f18e3c56d2&#8243; global_colors_info=\u00bb{}\u00bb theme_builder_area=\u00bbpost_content\u00bb][et_pb_blurb title=\u00bb\u00bfEst\u00e1n certificados para manejar Quickbooks Online?\u00bb use_icon=\u00bbon\u00bb font_icon=\u00bb&#x75;||divi||400&#8243; icon_color=\u00bb#000000&#8243; image_icon_background_color=\u00bb#FEB81D\u00bb icon_placement=\u00bbleft\u00bb image_icon_width=\u00bb24px\u00bb content_max_width=\u00bb100%\u00bb module_class=\u00bbai_ignore_font_icon\u00bb _builder_version=\u00bb4.25.1&#8243; _module_preset=\u00bbc4be762d-d134-408e-b49a-ae764af14c39&#8243; header_font=\u00bb&#8211;et_global_heading_font|800|||||||\u00bb header_text_color=\u00bb#0e0c19&#8243; header_font_size=\u00bb18px\u00bb header_line_height=\u00bb1.4em\u00bb body_font=\u00bb&#8211;et_global_body_font|700|||||||\u00bb body_text_color=\u00bb#3c3a47&#8243; body_font_size=\u00bb16px\u00bb body_line_height=\u00bb1.75em\u00bb body_link_text_color=\u00bb#2e5266&#8243; image_icon_custom_margin=\u00bb||||false\u00bb image_icon_custom_padding=\u00bb14px|14px|14px|14px|true|true\u00bb header_font_size_tablet=\u00bb15px\u00bb header_font_size_phone=\u00bb14px\u00bb header_font_size_last_edited=\u00bbon|phone\u00bb body_font_size_tablet=\u00bb15px\u00bb body_font_size_phone=\u00bb14px\u00bb body_font_size_last_edited=\u00bbon|desktop\u00bb border_radii_image=\u00bbon|40px|40px|40px|40px\u00bb global_colors_info=\u00bb{%22#0e0c19%22:%91%22header_text_color%22,%22header_text_color%22%93,%22#3c3a47%22:%91%22body_text_color%22,%22body_text_color%22%93,%22#6e8898%22:%91%22image_icon_background_color%22,%22image_icon_background_color%22%93}\u00bb theme_builder_area=\u00bbpost_content\u00bb]<p>S\u00ed, soy un Certified Quickbooks Online ProAdvisor. Esto me permite proporcionar asesor\u00eda experta y manejo eficiente de su contabilidad utilizando Quickbooks Online.<\/p>[\/et_pb_blurb][\/et_pb_column][et_pb_column type=\u00bb1_3&#8243; _builder_version=\u00bb4.16&#8243; _module_preset=\u00bb73121f80-a3ef-4484-8763-c3f18e3c56d2&#8243; global_colors_info=\u00bb{}\u00bb theme_builder_area=\u00bbpost_content\u00bb][et_pb_blurb title=\u00bb\u00bfC\u00f3mo puedo contactarlos para obtener m\u00e1s informaci\u00f3n?\u00bb use_icon=\u00bbon\u00bb font_icon=\u00bb&#x75;||divi||400&#8243; icon_color=\u00bb#000000&#8243; image_icon_background_color=\u00bb#FEB81D\u00bb icon_placement=\u00bbleft\u00bb image_icon_width=\u00bb24px\u00bb content_max_width=\u00bb100%\u00bb module_class=\u00bbai_ignore_font_icon\u00bb _builder_version=\u00bb4.25.1&#8243; _module_preset=\u00bbc4be762d-d134-408e-b49a-ae764af14c39&#8243; header_font=\u00bb&#8211;et_global_heading_font|800|||||||\u00bb header_text_color=\u00bb#0e0c19&#8243; header_font_size=\u00bb18px\u00bb header_line_height=\u00bb1.4em\u00bb body_font=\u00bb&#8211;et_global_body_font|700|||||||\u00bb body_text_color=\u00bb#3c3a47&#8243; body_font_size=\u00bb16px\u00bb body_line_height=\u00bb1.75em\u00bb body_link_text_color=\u00bb#2e5266&#8243; image_icon_custom_margin=\u00bb||||false\u00bb image_icon_custom_padding=\u00bb14px|14px|14px|14px|true|true\u00bb header_font_size_tablet=\u00bb15px\u00bb header_font_size_phone=\u00bb14px\u00bb header_font_size_last_edited=\u00bbon|phone\u00bb body_font_size_tablet=\u00bb15px\u00bb body_font_size_phone=\u00bb14px\u00bb body_font_size_last_edited=\u00bbon|desktop\u00bb border_radii_image=\u00bbon|40px|40px|40px|40px\u00bb global_colors_info=\u00bb{%22#0e0c19%22:%91%22header_text_color%22,%22header_text_color%22%93,%22#3c3a47%22:%91%22body_text_color%22,%22body_text_color%22%93,%22#6e8898%22:%91%22image_icon_background_color%22,%22image_icon_background_color%22%93}\u00bb theme_builder_area=\u00bbpost_content\u00bb]<p>Puede llenar el formulario de contacto en nuestra p\u00e1gina o, si prefiere, enviarnos un correo electr\u00f3nico directamente. Estaremos encantados de responder a cualquier pregunta que pueda tener.<\/p>[\/et_pb_blurb][\/et_pb_column][\/et_pb_row][et_pb_row column_structure=\u00bb1_3,1_3,1_3&#8243; _builder_version=\u00bb4.24.2&#8243; _module_preset=\u00bb5138c454-be54-4233-bd3b-f8e6a8747976&#8243; locked=\u00bboff\u00bb global_colors_info=\u00bb{}\u00bb theme_builder_area=\u00bbpost_content\u00bb][et_pb_column type=\u00bb1_3&#8243; _builder_version=\u00bb4.16&#8243; _module_preset=\u00bb73121f80-a3ef-4484-8763-c3f18e3c56d2&#8243; global_colors_info=\u00bb{}\u00bb theme_builder_area=\u00bbpost_content\u00bb][et_pb_blurb title=\u00bb\u00bfOfrecen consultor\u00eda para peque\u00f1as empresas?\u00bb use_icon=\u00bbon\u00bb font_icon=\u00bb&#x75;||divi||400&#8243; icon_color=\u00bb#000000&#8243; image_icon_background_color=\u00bb#FEB81D\u00bb icon_placement=\u00bbleft\u00bb image_icon_width=\u00bb24px\u00bb content_max_width=\u00bb100%\u00bb module_class=\u00bbai_ignore_font_icon\u00bb _builder_version=\u00bb4.25.1&#8243; _module_preset=\u00bbc4be762d-d134-408e-b49a-ae764af14c39&#8243; header_font=\u00bb&#8211;et_global_heading_font|800|||||||\u00bb header_text_color=\u00bb#0e0c19&#8243; header_font_size=\u00bb18px\u00bb header_line_height=\u00bb1.4em\u00bb body_font=\u00bb&#8211;et_global_body_font|700|||||||\u00bb body_text_color=\u00bb#3c3a47&#8243; body_font_size=\u00bb16px\u00bb body_line_height=\u00bb1.75em\u00bb body_link_text_color=\u00bb#2e5266&#8243; image_icon_custom_margin=\u00bb||||false\u00bb image_icon_custom_padding=\u00bb14px|14px|14px|14px|true|true\u00bb header_font_size_tablet=\u00bb15px\u00bb header_font_size_phone=\u00bb14px\u00bb header_font_size_last_edited=\u00bbon|phone\u00bb body_font_size_tablet=\u00bb15px\u00bb body_font_size_phone=\u00bb14px\u00bb body_font_size_last_edited=\u00bbon|desktop\u00bb border_radii_image=\u00bbon|40px|40px|40px|40px\u00bb global_colors_info=\u00bb{%22#0e0c19%22:%91%22header_text_color%22,%22header_text_color%22%93,%22#3c3a47%22:%91%22body_text_color%22,%22body_text_color%22%93,%22#6e8898%22:%91%22image_icon_background_color%22,%22image_icon_background_color%22%93}\u00bb theme_builder_area=\u00bbpost_content\u00bb]<p>S\u00ed, proporcionamos servicios de consultor\u00eda especializados para peque\u00f1as empresas, ayud\u00e1ndoles a mejorar su gesti\u00f3n financiera y a maximizar su rentabilidad.<\/p>[\/et_pb_blurb][\/et_pb_column][et_pb_column type=\u00bb1_3&#8243; _builder_version=\u00bb4.16&#8243; _module_preset=\u00bb73121f80-a3ef-4484-8763-c3f18e3c56d2&#8243; global_colors_info=\u00bb{}\u00bb theme_builder_area=\u00bbpost_content\u00bb][et_pb_blurb title=\u00bb\u00bfQu\u00e9 hace diferente a Emerio Angel Rodriguez de otros asesores?\u00bb use_icon=\u00bbon\u00bb font_icon=\u00bb&#x75;||divi||400&#8243; icon_color=\u00bb#000000&#8243; image_icon_background_color=\u00bb#FEB81D\u00bb icon_placement=\u00bbleft\u00bb image_icon_width=\u00bb24px\u00bb content_max_width=\u00bb100%\u00bb module_class=\u00bbai_ignore_font_icon\u00bb _builder_version=\u00bb4.25.1&#8243; _module_preset=\u00bbc4be762d-d134-408e-b49a-ae764af14c39&#8243; header_font=\u00bb&#8211;et_global_heading_font|800|||||||\u00bb header_text_color=\u00bb#0e0c19&#8243; header_font_size=\u00bb18px\u00bb header_line_height=\u00bb1.4em\u00bb body_font=\u00bb&#8211;et_global_body_font|700|||||||\u00bb body_text_color=\u00bb#3c3a47&#8243; body_font_size=\u00bb16px\u00bb body_line_height=\u00bb1.75em\u00bb body_link_text_color=\u00bb#2e5266&#8243; image_icon_custom_margin=\u00bb||||false\u00bb image_icon_custom_padding=\u00bb14px|14px|14px|14px|true|true\u00bb header_font_size_tablet=\u00bb15px\u00bb header_font_size_phone=\u00bb14px\u00bb header_font_size_last_edited=\u00bbon|phone\u00bb body_font_size_tablet=\u00bb15px\u00bb body_font_size_phone=\u00bb14px\u00bb body_font_size_last_edited=\u00bbon|desktop\u00bb border_radii_image=\u00bbon|40px|40px|40px|40px\u00bb global_colors_info=\u00bb{%22#0e0c19%22:%91%22header_text_color%22,%22header_text_color%22%93,%22#3c3a47%22:%91%22body_text_color%22,%22body_text_color%22%93,%22#6e8898%22:%91%22image_icon_background_color%22,%22image_icon_background_color%22%93}\u00bb theme_builder_area=\u00bbpost_content\u00bb]<p>Mi enfoque se basa en una combinaci\u00f3n de experiencia en bienes ra\u00edces y finanzas, ofreciendo una perspectiva integral que abarca desde la contabilidad hasta la estrategia de inversi\u00f3n inmobiliaria.<\/p>[\/et_pb_blurb][\/et_pb_column][et_pb_column type=\u00bb1_3&#8243; _builder_version=\u00bb4.16&#8243; _module_preset=\u00bb73121f80-a3ef-4484-8763-c3f18e3c56d2&#8243; global_colors_info=\u00bb{}\u00bb theme_builder_area=\u00bbpost_content\u00bb][et_pb_blurb title=\u00bb\u00bfPueden ayudar con la declaraci\u00f3n de impuestos?\u00bb use_icon=\u00bbon\u00bb font_icon=\u00bb&#x75;||divi||400&#8243; icon_color=\u00bb#000000&#8243; image_icon_background_color=\u00bb#FEB81D\u00bb icon_placement=\u00bbleft\u00bb image_icon_width=\u00bb24px\u00bb content_max_width=\u00bb100%\u00bb module_class=\u00bbai_ignore_font_icon\u00bb _builder_version=\u00bb4.25.1&#8243; _module_preset=\u00bbc4be762d-d134-408e-b49a-ae764af14c39&#8243; header_font=\u00bb&#8211;et_global_heading_font|800|||||||\u00bb header_text_color=\u00bb#0e0c19&#8243; header_font_size=\u00bb18px\u00bb header_line_height=\u00bb1.4em\u00bb body_font=\u00bb&#8211;et_global_body_font|700|||||||\u00bb body_text_color=\u00bb#3c3a47&#8243; body_font_size=\u00bb16px\u00bb body_line_height=\u00bb1.75em\u00bb body_link_text_color=\u00bb#2e5266&#8243; image_icon_custom_margin=\u00bb||||false\u00bb image_icon_custom_padding=\u00bb14px|14px|14px|14px|true|true\u00bb header_font_size_tablet=\u00bb15px\u00bb header_font_size_phone=\u00bb14px\u00bb header_font_size_last_edited=\u00bbon|phone\u00bb body_font_size_tablet=\u00bb15px\u00bb body_font_size_phone=\u00bb14px\u00bb body_font_size_last_edited=\u00bbon|desktop\u00bb border_radii_image=\u00bbon|40px|40px|40px|40px\u00bb global_colors_info=\u00bb{%22#0e0c19%22:%91%22header_text_color%22,%22header_text_color%22%93,%22#3c3a47%22:%91%22body_text_color%22,%22body_text_color%22%93,%22#6e8898%22:%91%22image_icon_background_color%22,%22image_icon_background_color%22%93}\u00bb theme_builder_area=\u00bbpost_content\u00bb]<p>Absolutamente. Ofrecemos servicios de preparaci\u00f3n de declaraciones de impuestos para individuos y empresas, asegurando cumplimiento y eficiencia fiscal.<\/p>[\/et_pb_blurb][\/et_pb_column][\/et_pb_row][et_pb_row column_structure=\u00bb1_3,1_3,1_3&#8243; _builder_version=\u00bb4.25.1&#8243; _module_preset=\u00bb5138c454-be54-4233-bd3b-f8e6a8747976&#8243; hover_enabled=\u00bb0&#8243; locked=\u00bboff\u00bb global_colors_info=\u00bb{}\u00bb theme_builder_area=\u00bbpost_content\u00bb custom_margin=\u00bb||20px||false|false\u00bb sticky_enabled=\u00bb0&#8243;][et_pb_column type=\u00bb1_3&#8243; _builder_version=\u00bb4.16&#8243; _module_preset=\u00bb73121f80-a3ef-4484-8763-c3f18e3c56d2&#8243; global_colors_info=\u00bb{}\u00bb theme_builder_area=\u00bbpost_content\u00bb][et_pb_blurb title=\u00bb\u00bfTienen experiencia en el sector inmobiliario?\u00bb use_icon=\u00bbon\u00bb font_icon=\u00bb&#x75;||divi||400&#8243; icon_color=\u00bb#000000&#8243; image_icon_background_color=\u00bb#FEB81D\u00bb icon_placement=\u00bbleft\u00bb image_icon_width=\u00bb24px\u00bb content_max_width=\u00bb100%\u00bb module_class=\u00bbai_ignore_font_icon\u00bb _builder_version=\u00bb4.25.1&#8243; _module_preset=\u00bbc4be762d-d134-408e-b49a-ae764af14c39&#8243; header_font=\u00bb&#8211;et_global_heading_font|800|||||||\u00bb header_text_color=\u00bb#0e0c19&#8243; header_font_size=\u00bb18px\u00bb header_line_height=\u00bb1.4em\u00bb body_font=\u00bb&#8211;et_global_body_font|700|||||||\u00bb body_text_color=\u00bb#3c3a47&#8243; body_font_size=\u00bb16px\u00bb body_line_height=\u00bb1.75em\u00bb body_link_text_color=\u00bb#2e5266&#8243; image_icon_custom_margin=\u00bb||||false\u00bb image_icon_custom_padding=\u00bb14px|14px|14px|14px|true|true\u00bb header_font_size_tablet=\u00bb15px\u00bb header_font_size_phone=\u00bb14px\u00bb header_font_size_last_edited=\u00bbon|phone\u00bb body_font_size_tablet=\u00bb15px\u00bb body_font_size_phone=\u00bb14px\u00bb body_font_size_last_edited=\u00bbon|desktop\u00bb border_radii_image=\u00bbon|40px|40px|40px|40px\u00bb global_colors_info=\u00bb{%22#0e0c19%22:%91%22header_text_color%22,%22header_text_color%22%93,%22#3c3a47%22:%91%22body_text_color%22,%22body_text_color%22%93,%22#6e8898%22:%91%22image_icon_background_color%22,%22image_icon_background_color%22%93}\u00bb theme_builder_area=\u00bbpost_content\u00bb]<p>S\u00ed, tengo amplia experiencia en el mercado inmobiliario de Florida, lo que me permite ofrecer asesoramiento experto en compra, venta y gesti\u00f3n de propiedades.<\/p>[\/et_pb_blurb][\/et_pb_column][et_pb_column type=\u00bb1_3&#8243; _builder_version=\u00bb4.16&#8243; _module_preset=\u00bb73121f80-a3ef-4484-8763-c3f18e3c56d2&#8243; global_colors_info=\u00bb{}\u00bb theme_builder_area=\u00bbpost_content\u00bb][et_pb_blurb title=\u00bb\u00bfQu\u00e9 tipo de clientes suelen atender?\u00bb use_icon=\u00bbon\u00bb font_icon=\u00bb&#x75;||divi||400&#8243; icon_color=\u00bb#000000&#8243; image_icon_background_color=\u00bb#FEB81D\u00bb icon_placement=\u00bbleft\u00bb image_icon_width=\u00bb24px\u00bb content_max_width=\u00bb100%\u00bb module_class=\u00bbai_ignore_font_icon\u00bb _builder_version=\u00bb4.25.1&#8243; _module_preset=\u00bbc4be762d-d134-408e-b49a-ae764af14c39&#8243; header_font=\u00bb&#8211;et_global_heading_font|800|||||||\u00bb header_text_color=\u00bb#0e0c19&#8243; header_font_size=\u00bb18px\u00bb header_line_height=\u00bb1.4em\u00bb body_font=\u00bb&#8211;et_global_body_font|700|||||||\u00bb body_text_color=\u00bb#3c3a47&#8243; body_font_size=\u00bb16px\u00bb body_line_height=\u00bb1.75em\u00bb body_link_text_color=\u00bb#2e5266&#8243; image_icon_custom_margin=\u00bb||||false\u00bb image_icon_custom_padding=\u00bb14px|14px|14px|14px|true|true\u00bb header_font_size_tablet=\u00bb15px\u00bb header_font_size_phone=\u00bb14px\u00bb header_font_size_last_edited=\u00bbon|phone\u00bb body_font_size_tablet=\u00bb15px\u00bb body_font_size_phone=\u00bb14px\u00bb body_font_size_last_edited=\u00bbon|desktop\u00bb border_radii_image=\u00bbon|40px|40px|40px|40px\u00bb global_colors_info=\u00bb{%22#0e0c19%22:%91%22header_text_color%22,%22header_text_color%22%93,%22#3c3a47%22:%91%22body_text_color%22,%22body_text_color%22%93,%22#6e8898%22:%91%22image_icon_background_color%22,%22image_icon_background_color%22%93}\u00bb theme_builder_area=\u00bbpost_content\u00bb]<p>Atendemos a una amplia gama de clientes, desde individuos y peque\u00f1os empresarios hasta grandes corporaciones, cada uno con servicios personalizados para sus necesidades espec\u00edficas.<\/p>[\/et_pb_blurb][\/et_pb_column][et_pb_column type=\u00bb1_3&#8243; _builder_version=\u00bb4.16&#8243; _module_preset=\u00bb73121f80-a3ef-4484-8763-c3f18e3c56d2&#8243; global_colors_info=\u00bb{}\u00bb theme_builder_area=\u00bbpost_content\u00bb][et_pb_blurb title=\u00bb\u00bfC\u00f3mo puedo empezar a trabajar con usted?\u00bb use_icon=\u00bbon\u00bb font_icon=\u00bb&#x75;||divi||400&#8243; icon_color=\u00bb#000000&#8243; image_icon_background_color=\u00bb#FEB81D\u00bb icon_placement=\u00bbleft\u00bb image_icon_width=\u00bb24px\u00bb content_max_width=\u00bb100%\u00bb module_class=\u00bbai_ignore_font_icon\u00bb _builder_version=\u00bb4.25.1&#8243; _module_preset=\u00bbc4be762d-d134-408e-b49a-ae764af14c39&#8243; header_font=\u00bb&#8211;et_global_heading_font|800|||||||\u00bb header_text_color=\u00bb#0e0c19&#8243; header_font_size=\u00bb18px\u00bb header_line_height=\u00bb1.4em\u00bb body_font=\u00bb&#8211;et_global_body_font|700|||||||\u00bb body_text_color=\u00bb#3c3a47&#8243; body_font_size=\u00bb16px\u00bb body_line_height=\u00bb1.75em\u00bb body_link_text_color=\u00bb#2e5266&#8243; image_icon_custom_margin=\u00bb||||false\u00bb image_icon_custom_padding=\u00bb14px|14px|14px|14px|true|true\u00bb header_font_size_tablet=\u00bb15px\u00bb header_font_size_phone=\u00bb14px\u00bb header_font_size_last_edited=\u00bbon|phone\u00bb body_font_size_tablet=\u00bb15px\u00bb body_font_size_phone=\u00bb14px\u00bb body_font_size_last_edited=\u00bbon|desktop\u00bb border_radii_image=\u00bbon|40px|40px|40px|40px\u00bb global_colors_info=\u00bb{%22#0e0c19%22:%91%22header_text_color%22,%22header_text_color%22%93,%22#3c3a47%22:%91%22body_text_color%22,%22body_text_color%22%93,%22#6e8898%22:%91%22image_icon_background_color%22,%22image_icon_background_color%22%93}\u00bb theme_builder_area=\u00bbpost_content\u00bb]<p>Simplemente complete nuestro formulario de contacto o ll\u00e1menos directamente para programar una consulta inicial. Estaremos encantados de discutir sus necesidades y c\u00f3mo podemos ayudar.<\/p>[\/et_pb_blurb][\/et_pb_column][\/et_pb_row][\/et_pb_section]\n","protected":false},"excerpt":{"rendered":"<p>Ofrecemos servicios completos de contabilidad, incluyendo gesti\u00f3n de cuentas por pagar y por cobrar, conciliaci\u00f3n bancaria, preparaci\u00f3n de estados financieros, y procesamiento de n\u00f3minas, todos adaptados a las necesidades espec\u00edficas de su negocio.S\u00ed, soy un Certified Quickbooks Online ProAdvisor. Esto me permite proporcionar asesor\u00eda experta y manejo eficiente de su contabilidad utilizando Quickbooks Online.Puede llenar [&hellip;]<\/p>\n","protected":false},"author":1,"featured_media":0,"parent":0,"menu_order":0,"comment_status":"closed","ping_status":"closed","template":"","meta":{"_et_pb_use_builder":"on","_et_pb_old_content":"<!-- wp:divi\/placeholder \/-->","_et_gb_content_width":"","footnotes":""},"class_list":["post-570","page","type-page","status-publish","hentry"],"_links":{"self":[{"href":"https:\/\/emeriorodriguez.com\/en\/wp-json\/wp\/v2\/pages\/570","targetHints":{"allow":["GET"]}}],"collection":[{"href":"https:\/\/emeriorodriguez.com\/en\/wp-json\/wp\/v2\/pages"}],"about":[{"href":"https:\/\/emeriorodriguez.com\/en\/wp-json\/wp\/v2\/types\/page"}],"author":[{"embeddable":true,"href":"https:\/\/emeriorodriguez.com\/en\/wp-json\/wp\/v2\/users\/1"}],"replies":[{"embeddable":true,"href":"https:\/\/emeriorodriguez.com\/en\/wp-json\/wp\/v2\/comments?post=570"}],"version-history":[{"count":5,"href":"https:\/\/emeriorodriguez.com\/en\/wp-json\/wp\/v2\/pages\/570\/revisions"}],"predecessor-version":[{"id":585,"href":"https:\/\/emeriorodriguez.com\/en\/wp-json\/wp\/v2\/pages\/570\/revisions\/585"}],"wp:attachment":[{"href":"https:\/\/emeriorodriguez.com\/en\/wp-json\/wp\/v2\/media?parent=570"}],"curies":[{"name":"wp","href":"https:\/\/api.w.org\/{rel}","templated":true}]}}