{"id":81,"date":"2024-04-08T22:43:00","date_gmt":"2024-04-09T02:43:00","guid":{"rendered":"https:\/\/emeriorodriguez.com\/?page_id=81"},"modified":"2024-06-23T14:19:02","modified_gmt":"2024-06-23T18:19:02","slug":"sobre-mi","status":"publish","type":"page","link":"https:\/\/emeriorodriguez.com\/en\/sobre-mi\/","title":{"rendered":"About Me"},"content":{"rendered":"<p>[et_pb_section fb_built=\u00bb1&#8243; admin_label=\u00bbContact\u00bb module_id=\u00bbsobre\u00bb _builder_version=\u00bb4.25.1&#8243; _module_preset=\u00bbdefault\u00bb background_color=\u00bb#FFFFFF\u00bb min_height=\u00bb500px\u00bb custom_margin=\u00bb||-61px||false|false\u00bb locked=\u00bboff\u00bb collapsed=\u00bbon\u00bb global_colors_info=\u00bb{}\u00bb][et_pb_row _builder_version=\u00bb4.25.1&#8243; _module_preset=\u00bbdefault\u00bb background_color=\u00bb#BABDBF\u00bb width=\u00bb100%\u00bb custom_margin=\u00bb-72px||||false|false\u00bb custom_padding=\u00bb75px||75px||true|false\u00bb global_colors_info=\u00bb{}\u00bb][et_pb_column type=\u00bb4_4&#8243; _builder_version=\u00bb4.25.0&#8243; _module_preset=\u00bbdefault\u00bb global_colors_info=\u00bb{}\u00bb][et_pb_heading title=\u00bbSobre Mi\u00bb _builder_version=\u00bb4.25.1&#8243; _module_preset=\u00bbc33f07d9-41e0-421a-8799-5799df695cce\u00bb title_level=\u00bbh2&#8243; title_font=\u00bb&#8211;et_global_heading_font|700|||||||\u00bb title_text_align=\u00bbcenter\u00bb title_text_color=\u00bb#0e0c19&#8243; title_font_size=\u00bb52px\u00bb title_line_height=\u00bb1.2em\u00bb custom_margin=\u00bb||0px||false|false\u00bb title_font_size_tablet=\u00bb28px\u00bb title_font_size_phone=\u00bb32px\u00bb title_font_size_last_edited=\u00bbon|phone\u00bb locked=\u00bboff\u00bb global_colors_info=\u00bb{}\u00bb][\/et_pb_heading][\/et_pb_column][\/et_pb_row][et_pb_row column_structure=\u00bb1_2,1_2&#8243; _builder_version=\u00bb4.25.1&#8243; _module_preset=\u00bb5138c454-be54-4233-bd3b-f8e6a8747976&#8243; custom_padding=\u00bb50px||50px||true|false\u00bb global_colors_info=\u00bb{}\u00bb][et_pb_column type=\u00bb1_2&#8243; _builder_version=\u00bb4.16&#8243; _module_preset=\u00bb73121f80-a3ef-4484-8763-c3f18e3c56d2&#8243; global_colors_info=\u00bb{}\u00bb][et_pb_text _builder_version=\u00bb4.25.1&#8243; _module_preset=\u00bbdefault\u00bb header_3_font_size=\u00bb19px\u00bb global_colors_info=\u00bb{}\u00bb]<\/p>\n<h3>Emerio Angel Rodr\u00edguez<\/h3>\n<p>[\/et_pb_text][et_pb_text _builder_version=\u00bb4.25.1&#8243; _module_preset=\u00bbdefault\u00bb text_font=\u00bbNunito Sans|600|||||||\u00bb text_font_size=\u00bb17px\u00bb text_line_height=\u00bb1.8em\u00bb global_colors_info=\u00bb{}\u00bb]<\/p>\n<p>Ayuda a crecer financieramente a peque\u00f1os negocios, mediante la ejecuci\u00f3n oportuna, confiable y eficaz de los procesos contables (Bookkeeping).<\/p>\n<p>Guaduado como Licenciado en Contadur\u00eda P\u00fablica en 1995 en la Universidad Centrooccidental Lisandro Alvarado. Barquisimeto, Lara. Venezuela. Adem\u00e1s de su amplia experiencia en las \u00e1reas contable e impositiva, lo acreditan como un profesional en quien se puede confiar.<\/p>\n<p>Si bien es cierto, que los Principios de Contabilidad son Generalmente Aceptados mundialmente, reconoce la importancia de mantenerse actualizado conforme al pa\u00eds donde se practique la profesi\u00f3n. Para ello, cuenta con la certificaci\u00f3n <strong><a href=\"https:\/\/emeriorodriguez.com\/proadvisor\">ProAdvisor<\/a> <\/strong>por parte de Intuit QuickBooks, que es el software que utiliza para prestar sus servicios a due\u00f1os de peque\u00f1os negocios en Estados Unidos. Tambi\u00e9n habla ingl\u00e9s.<\/p>\n<p>[\/et_pb_text][et_pb_text _builder_version=\u00bb4.25.0&#8243; _module_preset=\u00bbdefault\u00bb text_font=\u00bbNunito Sans|700||on|||||\u00bb text_text_shadow_style=\u00bbpreset5&#8243; global_colors_info=\u00bb{}\u00bb]<\/p>\n<p style=\"text-align: left;\">Paz mental y tranquilidad &#8211; Tus n\u00fameros en buenas manos.<\/p>\n<p>[\/et_pb_text][\/et_pb_column][et_pb_column type=\u00bb1_2&#8243; _builder_version=\u00bb4.16&#8243; _module_preset=\u00bb73121f80-a3ef-4484-8763-c3f18e3c56d2&#8243; global_colors_info=\u00bb{}\u00bb][et_pb_image src=\u00bbhttps:\/\/emeriorodriguez.com\/wp-content\/uploads\/2024\/05\/Foto-Emerio-Definitiva-Brazos.png\u00bb alt=\u00bbFoto Emerio Definitiva Brazos\u00bb _builder_version=\u00bb4.25.2&#8243; _module_preset=\u00bbdefault\u00bb transform_scale=\u00bb80%|80%\u00bb width=\u00bb80%\u00bb custom_margin=\u00bb-80px||||false|false\u00bb hover_enabled=\u00bb0&#8243; global_colors_info=\u00bb{}\u00bb transform_styles__hover_enabled=\u00bbon|hover\u00bb transform_scale__hover_enabled=\u00bbon|hover\u00bb transform_translate__hover_enabled=\u00bbon|desktop\u00bb transform_rotate__hover_enabled=\u00bbon|desktop\u00bb transform_skew__hover_enabled=\u00bbon|desktop\u00bb transform_origin__hover_enabled=\u00bbon|desktop\u00bb sticky_enabled=\u00bb0&#8243; transform_scale__hover=\u00bb86%|86%\u00bb][\/et_pb_image][\/et_pb_column][\/et_pb_row][\/et_pb_section]<\/p>\n","protected":false},"excerpt":{"rendered":"<p>Emerio Angel Rodr\u00edguezAyuda a crecer financieramente a peque\u00f1os negocios, mediante la ejecuci\u00f3n oportuna, confiable y eficaz de los procesos contables (Bookkeeping). Guaduado como Licenciado en Contadur\u00eda P\u00fablica en 1995 en la Universidad Centrooccidental Lisandro Alvarado. Barquisimeto, Lara. Venezuela. Adem\u00e1s de su amplia experiencia en las \u00e1reas contable e impositiva, lo acreditan como un profesional en [&hellip;]<\/p>\n","protected":false},"author":1,"featured_media":0,"parent":0,"menu_order":0,"comment_status":"closed","ping_status":"closed","template":"","meta":{"_et_pb_use_builder":"on","_et_pb_old_content":"<!-- wp:divi\/placeholder \/-->","_et_gb_content_width":"","footnotes":""},"class_list":["post-81","page","type-page","status-publish","hentry"],"_links":{"self":[{"href":"https:\/\/emeriorodriguez.com\/en\/wp-json\/wp\/v2\/pages\/81","targetHints":{"allow":["GET"]}}],"collection":[{"href":"https:\/\/emeriorodriguez.com\/en\/wp-json\/wp\/v2\/pages"}],"about":[{"href":"https:\/\/emeriorodriguez.com\/en\/wp-json\/wp\/v2\/types\/page"}],"author":[{"embeddable":true,"href":"https:\/\/emeriorodriguez.com\/en\/wp-json\/wp\/v2\/users\/1"}],"replies":[{"embeddable":true,"href":"https:\/\/emeriorodriguez.com\/en\/wp-json\/wp\/v2\/comments?post=81"}],"version-history":[{"count":7,"href":"https:\/\/emeriorodriguez.com\/en\/wp-json\/wp\/v2\/pages\/81\/revisions"}],"predecessor-version":[{"id":701,"href":"https:\/\/emeriorodriguez.com\/en\/wp-json\/wp\/v2\/pages\/81\/revisions\/701"}],"wp:attachment":[{"href":"https:\/\/emeriorodriguez.com\/en\/wp-json\/wp\/v2\/media?parent=81"}],"curies":[{"name":"wp","href":"https:\/\/api.w.org\/{rel}","templated":true}]}}